{"id":28,"date":"2026-03-18T14:38:48","date_gmt":"2026-03-18T14:38:48","guid":{"rendered":"https:\/\/eventoesterreich.com\/galerie\/"},"modified":"2026-03-18T14:50:14","modified_gmt":"2026-03-18T14:50:14","slug":"galerie","status":"publish","type":"page","link":"https:\/\/eventoesterreich.com\/en\/galerie\/","title":{"rendered":"Galerie"},"content":{"rendered":"<div class=\"wp-block-group alignfull is-style-ext-preset--group--natural-1--section has-background-background-color has-background has-global-padding is-layout-constrained wp-container-core-group-is-layout-f72f1611 wp-block-group-is-layout-constrained\" id=\"gallery\" style=\"margin-top:0;margin-bottom:0;padding-top:var(--wp--preset--spacing--70);padding-bottom:var(--wp--preset--spacing--70)\">\n<div class=\"wp-block-group alignwide ext-is-logical-start has-global-padding is-content-justification-left is-layout-constrained wp-container-core-group-is-layout-6729bdbe wp-block-group-is-layout-constrained\">\n<h2 class=\"wp-block-heading ext-animate--on\">Entdecken Sie faszinierende Veranstaltungen in ganz \u00d6sterreich<\/h2>\n\n\n\n<p class=\"has-text-align-left ext-animate--on\">Diese Galerie zeigt beeindruckende Fotos, die die Vielfalt und Einzigartigkeit unserer Events in \u00d6sterreich einfangen.<\/p>\n<\/div>\n\n\n\n<div class=\"wp-block-columns alignwide are-vertically-aligned-top is-layout-flex wp-container-core-columns-is-layout-87beb0d0 wp-block-columns-is-layout-flex\">\n<div class=\"wp-block-column is-vertically-aligned-top ext-animate--on is-layout-flow wp-container-core-column-is-layout-f5bb311e wp-block-column-is-layout-flow\">\n<figure class=\"wp-block-image is-style-ext-preset--image--natural-1--image-1--content-top is-style-ext-preset--image--natural-1--image-1--content-top--2\"><img loading=\"lazy\" decoding=\"async\" width=\"1440\" height=\"960\" class=\"wp-image-43\" src=\"https:\/\/eventoesterreich.com\/wp-content\/uploads\/2026\/03\/e9b3b6d407aacd38b559ee28df63fdafd505e4d2.jpg\" alt=\"\" style=\"aspect-ratio:1;object-fit:cover\" srcset=\"https:\/\/eventoesterreich.com\/wp-content\/uploads\/2026\/03\/e9b3b6d407aacd38b559ee28df63fdafd505e4d2.jpg 1440w, https:\/\/eventoesterreich.com\/wp-content\/uploads\/2026\/03\/e9b3b6d407aacd38b559ee28df63fdafd505e4d2-300x200.jpg 300w, https:\/\/eventoesterreich.com\/wp-content\/uploads\/2026\/03\/e9b3b6d407aacd38b559ee28df63fdafd505e4d2-1024x683.jpg 1024w, https:\/\/eventoesterreich.com\/wp-content\/uploads\/2026\/03\/e9b3b6d407aacd38b559ee28df63fdafd505e4d2-768x512.jpg 768w, https:\/\/eventoesterreich.com\/wp-content\/uploads\/2026\/03\/e9b3b6d407aacd38b559ee28df63fdafd505e4d2-18x12.jpg 18w\" sizes=\"auto, (max-width: 1440px) 100vw, 1440px\" \/><\/figure>\n\n\n\n<figure class=\"wp-block-image is-style-ext-preset--image--natural-1--image-1--content-top is-style-ext-preset--image--natural-1--image-1--content-top--3\"><img loading=\"lazy\" decoding=\"async\" width=\"1080\" height=\"1440\" class=\"wp-image-50\" src=\"https:\/\/eventoesterreich.com\/wp-content\/uploads\/2026\/03\/b668010223ba3625de7731d65bef1ebf4f65013a.jpg\" alt=\"\" style=\"aspect-ratio:1;object-fit:cover\" srcset=\"https:\/\/eventoesterreich.com\/wp-content\/uploads\/2026\/03\/b668010223ba3625de7731d65bef1ebf4f65013a.jpg 1080w, https:\/\/eventoesterreich.com\/wp-content\/uploads\/2026\/03\/b668010223ba3625de7731d65bef1ebf4f65013a-225x300.jpg 225w, https:\/\/eventoesterreich.com\/wp-content\/uploads\/2026\/03\/b668010223ba3625de7731d65bef1ebf4f65013a-768x1024.jpg 768w, https:\/\/eventoesterreich.com\/wp-content\/uploads\/2026\/03\/b668010223ba3625de7731d65bef1ebf4f65013a-9x12.jpg 9w\" sizes=\"auto, (max-width: 1080px) 100vw, 1080px\" \/><\/figure>\n<\/div>\n\n\n\n<div class=\"wp-block-column is-vertically-aligned-top ext-animate--on is-layout-flow wp-container-core-column-is-layout-f5bb311e wp-block-column-is-layout-flow\">\n<figure class=\"wp-block-image is-style-ext-preset--image--natural-1--image-1--content-top is-style-ext-preset--image--natural-1--image-1--content-top--4\"><img loading=\"lazy\" decoding=\"async\" width=\"1440\" height=\"960\" class=\"wp-image-48\" src=\"https:\/\/eventoesterreich.com\/wp-content\/uploads\/2026\/03\/2006145c9529be01614a9153534a757b59ba7a5c.jpg\" alt=\"\" style=\"aspect-ratio:1;object-fit:cover\" srcset=\"https:\/\/eventoesterreich.com\/wp-content\/uploads\/2026\/03\/2006145c9529be01614a9153534a757b59ba7a5c.jpg 1440w, https:\/\/eventoesterreich.com\/wp-content\/uploads\/2026\/03\/2006145c9529be01614a9153534a757b59ba7a5c-300x200.jpg 300w, https:\/\/eventoesterreich.com\/wp-content\/uploads\/2026\/03\/2006145c9529be01614a9153534a757b59ba7a5c-1024x683.jpg 1024w, https:\/\/eventoesterreich.com\/wp-content\/uploads\/2026\/03\/2006145c9529be01614a9153534a757b59ba7a5c-768x512.jpg 768w, https:\/\/eventoesterreich.com\/wp-content\/uploads\/2026\/03\/2006145c9529be01614a9153534a757b59ba7a5c-18x12.jpg 18w\" sizes=\"auto, (max-width: 1440px) 100vw, 1440px\" \/><\/figure>\n\n\n\n<figure class=\"wp-block-image is-style-ext-preset--image--natural-1--image-1--content-top is-style-ext-preset--image--natural-1--image-1--content-top--5\"><img loading=\"lazy\" decoding=\"async\" width=\"1440\" height=\"960\" class=\"wp-image-51\" src=\"https:\/\/eventoesterreich.com\/wp-content\/uploads\/2026\/03\/bb0197aa0ac2b1a010f52ae6aa7f8ee44a365174.jpg\" alt=\"\" style=\"aspect-ratio:1;object-fit:cover\" srcset=\"https:\/\/eventoesterreich.com\/wp-content\/uploads\/2026\/03\/bb0197aa0ac2b1a010f52ae6aa7f8ee44a365174.jpg 1440w, https:\/\/eventoesterreich.com\/wp-content\/uploads\/2026\/03\/bb0197aa0ac2b1a010f52ae6aa7f8ee44a365174-300x200.jpg 300w, https:\/\/eventoesterreich.com\/wp-content\/uploads\/2026\/03\/bb0197aa0ac2b1a010f52ae6aa7f8ee44a365174-1024x683.jpg 1024w, https:\/\/eventoesterreich.com\/wp-content\/uploads\/2026\/03\/bb0197aa0ac2b1a010f52ae6aa7f8ee44a365174-768x512.jpg 768w, https:\/\/eventoesterreich.com\/wp-content\/uploads\/2026\/03\/bb0197aa0ac2b1a010f52ae6aa7f8ee44a365174-18x12.jpg 18w\" sizes=\"auto, (max-width: 1440px) 100vw, 1440px\" \/><\/figure>\n<\/div>\n\n\n\n<div class=\"wp-block-column is-vertically-aligned-top ext-animate--on is-layout-flow wp-container-core-column-is-layout-f5bb311e wp-block-column-is-layout-flow\">\n<figure class=\"wp-block-image is-style-ext-preset--image--natural-1--image-1--content-top is-style-ext-preset--image--natural-1--image-1--content-top--6\"><img loading=\"lazy\" decoding=\"async\" width=\"1440\" height=\"961\" class=\"wp-image-44\" src=\"https:\/\/eventoesterreich.com\/wp-content\/uploads\/2026\/03\/89003637a348f9fa8e4847977bded8f532cb89d1.jpg\" alt=\"\" style=\"aspect-ratio:1;object-fit:cover\" srcset=\"https:\/\/eventoesterreich.com\/wp-content\/uploads\/2026\/03\/89003637a348f9fa8e4847977bded8f532cb89d1.jpg 1440w, https:\/\/eventoesterreich.com\/wp-content\/uploads\/2026\/03\/89003637a348f9fa8e4847977bded8f532cb89d1-300x200.jpg 300w, https:\/\/eventoesterreich.com\/wp-content\/uploads\/2026\/03\/89003637a348f9fa8e4847977bded8f532cb89d1-1024x683.jpg 1024w, https:\/\/eventoesterreich.com\/wp-content\/uploads\/2026\/03\/89003637a348f9fa8e4847977bded8f532cb89d1-768x513.jpg 768w, https:\/\/eventoesterreich.com\/wp-content\/uploads\/2026\/03\/89003637a348f9fa8e4847977bded8f532cb89d1-18x12.jpg 18w\" sizes=\"auto, (max-width: 1440px) 100vw, 1440px\" \/><\/figure>\n\n\n\n<figure class=\"wp-block-image is-style-ext-preset--image--natural-1--image-1--content-top is-style-ext-preset--image--natural-1--image-1--content-top--7\"><img loading=\"lazy\" decoding=\"async\" width=\"1440\" height=\"960\" class=\"wp-image-52\" src=\"https:\/\/eventoesterreich.com\/wp-content\/uploads\/2026\/03\/fa4fac69b6de827246da2807b7f3312cc84f6b37.jpg\" alt=\"\" style=\"aspect-ratio:1;object-fit:cover\" srcset=\"https:\/\/eventoesterreich.com\/wp-content\/uploads\/2026\/03\/fa4fac69b6de827246da2807b7f3312cc84f6b37.jpg 1440w, https:\/\/eventoesterreich.com\/wp-content\/uploads\/2026\/03\/fa4fac69b6de827246da2807b7f3312cc84f6b37-300x200.jpg 300w, https:\/\/eventoesterreich.com\/wp-content\/uploads\/2026\/03\/fa4fac69b6de827246da2807b7f3312cc84f6b37-1024x683.jpg 1024w, https:\/\/eventoesterreich.com\/wp-content\/uploads\/2026\/03\/fa4fac69b6de827246da2807b7f3312cc84f6b37-768x512.jpg 768w, https:\/\/eventoesterreich.com\/wp-content\/uploads\/2026\/03\/fa4fac69b6de827246da2807b7f3312cc84f6b37-18x12.jpg 18w\" sizes=\"auto, (max-width: 1440px) 100vw, 1440px\" \/><\/figure>\n<\/div>\n\n\n\n<div class=\"wp-block-column is-vertically-aligned-top ext-animate--on is-layout-flow wp-container-core-column-is-layout-f5bb311e wp-block-column-is-layout-flow\">\n<figure class=\"wp-block-image is-style-ext-preset--image--natural-1--image-1--content-top is-style-ext-preset--image--natural-1--image-1--content-top--8\"><img loading=\"lazy\" decoding=\"async\" width=\"1440\" height=\"960\" class=\"wp-image-53\" src=\"https:\/\/eventoesterreich.com\/wp-content\/uploads\/2026\/03\/ba57213a4051a4ff01620621c3f85421be51a843.jpg\" alt=\"\" style=\"aspect-ratio:1;object-fit:cover\" srcset=\"https:\/\/eventoesterreich.com\/wp-content\/uploads\/2026\/03\/ba57213a4051a4ff01620621c3f85421be51a843.jpg 1440w, https:\/\/eventoesterreich.com\/wp-content\/uploads\/2026\/03\/ba57213a4051a4ff01620621c3f85421be51a843-300x200.jpg 300w, https:\/\/eventoesterreich.com\/wp-content\/uploads\/2026\/03\/ba57213a4051a4ff01620621c3f85421be51a843-1024x683.jpg 1024w, https:\/\/eventoesterreich.com\/wp-content\/uploads\/2026\/03\/ba57213a4051a4ff01620621c3f85421be51a843-768x512.jpg 768w, https:\/\/eventoesterreich.com\/wp-content\/uploads\/2026\/03\/ba57213a4051a4ff01620621c3f85421be51a843-18x12.jpg 18w\" sizes=\"auto, (max-width: 1440px) 100vw, 1440px\" \/><\/figure>\n\n\n\n<figure class=\"wp-block-image is-style-ext-preset--image--natural-1--image-1--content-top is-style-ext-preset--image--natural-1--image-1--content-top--9\"><img loading=\"lazy\" decoding=\"async\" width=\"1440\" height=\"960\" class=\"wp-image-54\" src=\"https:\/\/eventoesterreich.com\/wp-content\/uploads\/2026\/03\/9d55d19ef1f2812d90a531afa9769dc65837a6ef.jpg\" alt=\"\" style=\"aspect-ratio:1;object-fit:cover\" srcset=\"https:\/\/eventoesterreich.com\/wp-content\/uploads\/2026\/03\/9d55d19ef1f2812d90a531afa9769dc65837a6ef.jpg 1440w, https:\/\/eventoesterreich.com\/wp-content\/uploads\/2026\/03\/9d55d19ef1f2812d90a531afa9769dc65837a6ef-300x200.jpg 300w, https:\/\/eventoesterreich.com\/wp-content\/uploads\/2026\/03\/9d55d19ef1f2812d90a531afa9769dc65837a6ef-1024x683.jpg 1024w, https:\/\/eventoesterreich.com\/wp-content\/uploads\/2026\/03\/9d55d19ef1f2812d90a531afa9769dc65837a6ef-768x512.jpg 768w, https:\/\/eventoesterreich.com\/wp-content\/uploads\/2026\/03\/9d55d19ef1f2812d90a531afa9769dc65837a6ef-18x12.jpg 18w\" sizes=\"auto, (max-width: 1440px) 100vw, 1440px\" \/><\/figure>\n<\/div>\n<\/div>\n<\/div>\n\n<div class=\"wp-block-group alignfull is-style-ext-preset--group--natural-1--section has-tertiary-background-color has-background has-global-padding is-layout-constrained wp-block-group-is-layout-constrained\" id=\"about\" style=\"margin-top:0;margin-bottom:0;padding-top:var(--wp--preset--spacing--70);padding-bottom:var(--wp--preset--spacing--70)\">\n<h2 class=\"wp-block-heading has-text-align-center ext-animate--on\">Die bedeutendsten Veranstaltungen \u00d6sterreichs erleben<\/h2>\n\n\n\n<p class=\"has-text-align-center ext-animate--on\" style=\"margin-top:1.5rem\">This section provides a detailed and comprehensive overview of your company\u2019s mission, values, and history. It highlights the key principles and values that drive the purpose, goals, and long-term success of your brand and business operations.<\/p>\n<\/div>\n\n<div class=\"wp-block-group alignfull is-style-ext-preset--group--natural-1--section has-background-background-color has-background has-global-padding is-layout-constrained wp-container-core-group-is-layout-e955bbaf wp-block-group-is-layout-constrained\" id=\"features\" style=\"margin-top:0;margin-bottom:0;padding-top:var(--wp--preset--spacing--70);padding-bottom:var(--wp--preset--spacing--70)\">\n<div class=\"wp-block-group alignwide ext-is-logical-start has-global-padding is-content-justification-left is-layout-constrained wp-container-core-group-is-layout-6729bdbe wp-block-group-is-layout-constrained\">\n<h2 class=\"wp-block-heading ext-animate--on\">Entdecken Sie \u00d6sterreichs spannendste Events<\/h2>\n\n\n\n<p class=\"has-text-align-left ext-animate--on\">Erhalten Sie faszinierende Einblicke in die vielf\u00e4ltigen Veranstaltungen, die \u00d6sterreich einzigartig machen.<\/p>\n<\/div>\n\n\n\n<div class=\"wp-block-columns alignwide ext-animate--on is-layout-flex wp-container-core-columns-is-layout-174606dc wp-block-columns-is-layout-flex\">\n<div class=\"wp-block-column is-vertically-aligned-stretch ext-animate--on is-layout-flow wp-container-core-column-is-layout-119bc444 wp-block-column-is-layout-flow\">\n<div class=\"wp-block-cover is-style-ext-preset--image--natural-1--image-1--content-right is-style-ext-preset--image--natural-1--image-1--content-right--12\" style=\"padding-top:0;padding-bottom:0;min-height:100%;aspect-ratio:unset;\"><img loading=\"lazy\" decoding=\"async\" width=\"1440\" height=\"710\" class=\"wp-block-cover__image-background wp-image-55\" alt=\"\" src=\"https:\/\/eventoesterreich.com\/wp-content\/uploads\/2026\/03\/013da7d2cd04ab1a3fc6916b52ba9e9d584959d2.jpg\" data-object-fit=\"cover\" srcset=\"https:\/\/eventoesterreich.com\/wp-content\/uploads\/2026\/03\/013da7d2cd04ab1a3fc6916b52ba9e9d584959d2.jpg 1440w, https:\/\/eventoesterreich.com\/wp-content\/uploads\/2026\/03\/013da7d2cd04ab1a3fc6916b52ba9e9d584959d2-300x148.jpg 300w, https:\/\/eventoesterreich.com\/wp-content\/uploads\/2026\/03\/013da7d2cd04ab1a3fc6916b52ba9e9d584959d2-1024x505.jpg 1024w, https:\/\/eventoesterreich.com\/wp-content\/uploads\/2026\/03\/013da7d2cd04ab1a3fc6916b52ba9e9d584959d2-768x379.jpg 768w, https:\/\/eventoesterreich.com\/wp-content\/uploads\/2026\/03\/013da7d2cd04ab1a3fc6916b52ba9e9d584959d2-18x9.jpg 18w\" sizes=\"auto, (max-width: 1440px) 100vw, 1440px\" \/><span aria-hidden=\"true\" class=\"wp-block-cover__background has-background-dim-0 has-background-dim\"><\/span><div class=\"wp-block-cover__inner-container is-layout-flow wp-block-cover-is-layout-flow\">\n<div style=\"height:240px\" aria-hidden=\"true\" class=\"wp-block-spacer\"><\/div>\n<\/div><\/div>\n<\/div>\n\n\n\n<div class=\"wp-block-column is-vertically-aligned-center is-layout-flow wp-block-column-is-layout-flow\">\n<div class=\"wp-block-group is-style-ext-preset--group--natural-1--item-card-1--align-start has-global-padding is-layout-constrained wp-block-group-is-layout-constrained is-style-ext-preset--group--natural-1--item-card-1--align-start--13\">\n<div class=\"wp-block-group is-style-default has-global-padding is-layout-constrained wp-block-group-is-layout-constrained\">\n<div class=\"wp-block-group is-nowrap is-layout-flex wp-container-core-group-is-layout-64fa2afa wp-block-group-is-layout-flex\" style=\"padding-top:0;padding-right:0;padding-bottom:0;padding-left:0\">\n<figure class=\"wp-block-image size-large ext-aspect-landscape wp-duotone-primary-foreground\"><img decoding=\"async\" src=\"data:image\/svg+xml;base64,PHN2ZyB4bWxucz0iaHR0cDovL3d3dy53My5vcmcvMjAwMC9zdmciIHdpZHRoPSI0OCIgaGVpZ2h0PSI0OCIgZmlsbD0iIzAwMDAwMCIgdmlld0JveD0iMCAwIDI1NiAyNTYiPjxwYXRoIGQ9Ik0xNzIsNzZhNDQsNDQsMCwxLDAtNDQsNDRBNDQuMDUsNDQuMDUsMCwwLDAsMTcyLDc2Wm0tNDQsMjhhMjgsMjgsMCwxLDEsMjgtMjhBMjgsMjgsMCwwLDEsMTI4LDEwNFptNjAsMjRhNDQsNDQsMCwxLDAsNDQsNDRBNDQuMDUsNDQuMDUsMCwwLDAsMTg4LDEyOFptMCw3MmEyOCwyOCwwLDEsMSwyOC0yOEEyOCwyOCwwLDAsMSwxODgsMjAwWk02OCwxMjhhNDQsNDQsMCwxLDAsNDQsNDRBNDQuMDUsNDQuMDUsMCwwLDAsNjgsMTI4Wm0wLDcyYTI4LDI4LDAsMSwxLDI4LTI4QTI4LDI4LDAsMCwxLDY4LDIwMFoiPjwvcGF0aD48L3N2Zz4=\" alt=\"\" style=\"object-fit:cover\"\/><\/figure>\n\n\n\n<div class=\"wp-block-group wp-container-content-958eb9dc has-global-padding is-layout-constrained wp-container-core-group-is-layout-c06d165c wp-block-group-is-layout-constrained\" style=\"padding-top:0;padding-right:0;padding-bottom:0;padding-left:0\">\n<h3 class=\"wp-block-heading\">Vielseitige Event-Galerie<\/h3>\n\n\n\n<p>Durchst\u00f6bern Sie eine breite Auswahl an bildgewaltigen Eindr\u00fccken verschiedener Events.<\/p>\n<\/div>\n<\/div>\n<\/div>\n<\/div>\n\n\n\n<div class=\"wp-block-group is-style-ext-preset--group--natural-1--item-card-1--align-start ext-animate--on has-global-padding is-layout-constrained wp-block-group-is-layout-constrained is-style-ext-preset--group--natural-1--item-card-1--align-start--14\">\n<div class=\"wp-block-group is-style-default has-global-padding is-layout-constrained wp-block-group-is-layout-constrained\">\n<div class=\"wp-block-group is-nowrap is-layout-flex wp-container-core-group-is-layout-64fa2afa wp-block-group-is-layout-flex\" style=\"padding-top:0;padding-right:0;padding-bottom:0;padding-left:0\">\n<figure class=\"wp-block-image size-large ext-aspect-landscape wp-duotone-primary-foreground\"><img decoding=\"async\" src=\"data:image\/svg+xml;base64,PHN2ZyB4bWxucz0iaHR0cDovL3d3dy53My5vcmcvMjAwMC9zdmciIHdpZHRoPSI0OCIgaGVpZ2h0PSI0OCIgZmlsbD0iIzAwMDAwMCIgdmlld0JveD0iMCAwIDI1NiAyNTYiPjxwYXRoIGQ9Ik04MCw0MGE0MCw0MCwwLDEsMCw0MCw0MEE0MCw0MCwwLDAsMCw4MCw0MFptMCw2NGEyNCwyNCwwLDEsMSwyNC0yNEEyNCwyNCwwLDAsMSw4MCwxMDRabTk2LDE2YTQwLDQwLDAsMSwwLTQwLTQwQTQwLDQwLDAsMCwwLDE3NiwxMjBabTAtNjRhMjQsMjQsMCwxLDEtMjQsMjRBMjQsMjQsMCwwLDEsMTc2LDU2Wk04MCwxMzZhNDAsNDAsMCwxLDAsNDAsNDBBNDAsNDAsMCwwLDAsODAsMTM2Wm0wLDY0YTI0LDI0LDAsMSwxLDI0LTI0QTI0LDI0LDAsMCwxLDgwLDIwMFptOTYtNjRhNDAsNDAsMCwxLDAsNDAsNDBBNDAsNDAsMCwwLDAsMTc2LDEzNlptMCw2NGEyNCwyNCwwLDEsMSwyNC0yNEEyNCwyNCwwLDAsMSwxNzYsMjAwWiI+PC9wYXRoPjwvc3ZnPg==\" alt=\"\" style=\"object-fit:cover\"\/><\/figure>\n\n\n\n<div class=\"wp-block-group wp-container-content-958eb9dc has-global-padding is-layout-constrained wp-container-core-group-is-layout-c06d165c wp-block-group-is-layout-constrained\" style=\"padding-top:0;padding-right:0;padding-bottom:0;padding-left:0\">\n<h3 class=\"wp-block-heading\">Aktuelle Veranstaltungshighlights<\/h3>\n\n\n\n<p>Bleiben Sie informiert \u00fcber die neuesten und bedeutendsten Events im ganzen Land.<\/p>\n<\/div>\n<\/div>\n<\/div>\n<\/div>\n\n\n\n<div class=\"wp-block-group is-style-ext-preset--group--natural-1--item-card-1--align-start ext-animate--on has-global-padding is-layout-constrained wp-block-group-is-layout-constrained is-style-ext-preset--group--natural-1--item-card-1--align-start--15\">\n<div class=\"wp-block-group is-style-default has-global-padding is-layout-constrained wp-block-group-is-layout-constrained\">\n<div class=\"wp-block-group is-nowrap is-layout-flex wp-container-core-group-is-layout-64fa2afa wp-block-group-is-layout-flex\" style=\"padding-top:0;padding-right:0;padding-bottom:0;padding-left:0\">\n<figure class=\"wp-block-image size-large ext-aspect-landscape wp-duotone-primary-foreground\"><img decoding=\"async\" src=\"data:image\/svg+xml;base64,PHN2ZyB4bWxucz0iaHR0cDovL3d3dy53My5vcmcvMjAwMC9zdmciIHdpZHRoPSI0OCIgaGVpZ2h0PSI0OCIgZmlsbD0iIzAwMDAwMCIgdmlld0JveD0iMCAwIDI1NiAyNTYiPjxwYXRoIGQ9Ik04MCw0MGE0MCw0MCwwLDEsMCw0MCw0MEE0MCw0MCwwLDAsMCw4MCw0MFptMCw2NGEyNCwyNCwwLDEsMSwyNC0yNEEyNCwyNCwwLDAsMSw4MCwxMDRabTk2LDE2YTQwLDQwLDAsMSwwLTQwLTQwQTQwLDQwLDAsMCwwLDE3NiwxMjBabTAtNjRhMjQsMjQsMCwxLDEtMjQsMjRBMjQsMjQsMCwwLDEsMTc2LDU2Wk04MCwxMzZhNDAsNDAsMCwxLDAsNDAsNDBBNDAsNDAsMCwwLDAsODAsMTM2Wm0wLDY0YTI0LDI0LDAsMSwxLDI0LTI0QTI0LDI0LDAsMCwxLDgwLDIwMFptMTM2LTI0YTgsOCwwLDAsMS04LDhIMTg0djI0YTgsOCwwLDAsMS0xNiwwVjE4NEgxNDRhOCw4LDAsMCwxLDAtMTZoMjRWMTQ0YTgsOCwwLDAsMSwxNiwwdjI0aDI0QTgsOCwwLDAsMSwyMTYsMTc2WiI+PC9wYXRoPjwvc3ZnPg==\" alt=\"\" style=\"object-fit:cover\"\/><\/figure>\n\n\n\n<div class=\"wp-block-group wp-container-content-958eb9dc has-global-padding is-layout-constrained wp-container-core-group-is-layout-c06d165c wp-block-group-is-layout-constrained\" style=\"padding-top:0;padding-right:0;padding-bottom:0;padding-left:0\">\n<h3 class=\"wp-block-heading\">Einfaches Navigieren und Filtern<\/h3>\n\n\n\n<p>Finden Sie schnell Ihre Lieblings-Events dank intuitiver Such- und Filteroptionen.<\/p>\n<\/div>\n<\/div>\n<\/div>\n<\/div>\n<\/div>\n<\/div>\n<\/div>","protected":false},"excerpt":{"rendered":"<p>Entdecken Sie faszinierende Veranstaltungen in ganz \u00d6sterreich Diese Galerie zeigt beeindruckende Fotos, die die Vielfalt und Einzigartigkeit unserer Events in \u00d6sterreich einfangen. Die bedeutendsten Veranstaltungen \u00d6sterreichs erleben This section provides a detailed and comprehensive overview of your company\u2019s mission, values, and history. It highlights the key principles and values that drive the purpose, goals, and [&hellip;]<\/p>\n","protected":false},"author":1,"featured_media":0,"parent":0,"menu_order":0,"comment_status":"closed","ping_status":"closed","template":"page-with-title","meta":{"_acf_changed":false,"footnotes":""},"class_list":["post-28","page","type-page","status-publish","hentry"],"acf":[],"_links":{"self":[{"href":"https:\/\/eventoesterreich.com\/en\/wp-json\/wp\/v2\/pages\/28","targetHints":{"allow":["GET"]}}],"collection":[{"href":"https:\/\/eventoesterreich.com\/en\/wp-json\/wp\/v2\/pages"}],"about":[{"href":"https:\/\/eventoesterreich.com\/en\/wp-json\/wp\/v2\/types\/page"}],"author":[{"embeddable":true,"href":"https:\/\/eventoesterreich.com\/en\/wp-json\/wp\/v2\/users\/1"}],"replies":[{"embeddable":true,"href":"https:\/\/eventoesterreich.com\/en\/wp-json\/wp\/v2\/comments?post=28"}],"version-history":[{"count":1,"href":"https:\/\/eventoesterreich.com\/en\/wp-json\/wp\/v2\/pages\/28\/revisions"}],"predecessor-version":[{"id":56,"href":"https:\/\/eventoesterreich.com\/en\/wp-json\/wp\/v2\/pages\/28\/revisions\/56"}],"wp:attachment":[{"href":"https:\/\/eventoesterreich.com\/en\/wp-json\/wp\/v2\/media?parent=28"}],"curies":[{"name":"wp","href":"https:\/\/api.w.org\/{rel}","templated":true}]}}